{"id":1766,"date":"2020-03-31T12:52:33","date_gmt":"2020-03-31T17:52:33","guid":{"rendered":"https:\/\/saintpierrelevignoble.com\/produit\/reverie-2019\/"},"modified":"2025-10-07T09:55:10","modified_gmt":"2025-10-07T14:55:10","slug":"reverie-2019","status":"publish","type":"product","link":"https:\/\/saintpierrelevignoble.com\/en\/produit\/reverie-2019\/","title":{"rendered":"R\u00eaverie"},"content":{"rendered":"<p>[et_pb_section fb_built=&#8221;1&#8243; _builder_version=&#8221;4.16&#8243; custom_padding=&#8221;0px||||false|false&#8221; global_colors_info=&#8221;{}&#8221;][et_pb_row _builder_version=&#8221;4.16&#8243; background_size=&#8221;initial&#8221; background_position=&#8221;top_left&#8221; background_repeat=&#8221;repeat&#8221; width=&#8221;100%&#8221; custom_padding=&#8221;0px||0px||false|false&#8221; global_colors_info=&#8221;{}&#8221;][et_pb_column type=&#8221;4_4&#8243; _builder_version=&#8221;4.16&#8243; custom_padding=&#8221;|||&#8221; global_colors_info=&#8221;{}&#8221; custom_padding__hover=&#8221;|||&#8221;][et_pb_wc_breadcrumb _builder_version=&#8221;4.16&#8243; global_colors_info=&#8221;{}&#8221;][\/et_pb_wc_breadcrumb][et_pb_wc_cart_notice _builder_version=&#8221;4.16&#8243; global_colors_info=&#8221;{}&#8221;][\/et_pb_wc_cart_notice][\/et_pb_column][\/et_pb_row][et_pb_row column_structure=&#8221;1_2,1_2&#8243; _builder_version=&#8221;4.16&#8243; background_size=&#8221;initial&#8221; background_position=&#8221;top_left&#8221; background_repeat=&#8221;repeat&#8221; width=&#8221;100%&#8221; custom_padding=&#8221;0px||||false|false&#8221; global_colors_info=&#8221;{}&#8221;][et_pb_column type=&#8221;1_2&#8243; _builder_version=&#8221;4.16&#8243; custom_padding=&#8221;|||&#8221; global_colors_info=&#8221;{}&#8221; custom_padding__hover=&#8221;|||&#8221;][et_pb_wc_images _builder_version=&#8221;4.16&#8243; global_colors_info=&#8221;{}&#8221;][\/et_pb_wc_images][\/et_pb_column][et_pb_column type=&#8221;1_2&#8243; _builder_version=&#8221;4.16&#8243; custom_padding=&#8221;|||&#8221; global_colors_info=&#8221;{}&#8221; custom_padding__hover=&#8221;|||&#8221;][et_pb_wc_title _builder_version=&#8221;4.16&#8243; global_colors_info=&#8221;{}&#8221;][\/et_pb_wc_title][et_pb_wc_rating _builder_version=&#8221;4.16&#8243; global_colors_info=&#8221;{}&#8221;][\/et_pb_wc_rating][et_pb_wc_price _builder_version=&#8221;4.16&#8243; global_colors_info=&#8221;{}&#8221;][\/et_pb_wc_price][et_pb_wc_description _builder_version=&#8221;4.16&#8243; global_colors_info=&#8221;{}&#8221;][\/et_pb_wc_description][et_pb_wc_add_to_cart _builder_version=&#8221;4.16&#8243; global_colors_info=&#8221;{}&#8221;][\/et_pb_wc_add_to_cart][et_pb_wc_meta _builder_version=&#8221;4.16&#8243; global_colors_info=&#8221;{}&#8221;][\/et_pb_wc_meta][et_pb_button button_url=&#8221;&lt;p&gt;https:\/\/saintpierrelevignoble.com\/boutique\/&lt;\/p&gt;&#8221; button_text=&#8221;<\/p>\n<p>Return to shop<\/p>\n<p>&#8221; _builder_version=&#8221;4.16&#8243; locked=&#8221;off&#8221; global_colors_info=&#8221;{}&#8221;][\/et_pb_button][\/et_pb_column][\/et_pb_row][et_pb_row _builder_version=&#8221;4.16&#8243; background_size=&#8221;initial&#8221; background_position=&#8221;top_left&#8221; background_repeat=&#8221;repeat&#8221; width=&#8221;100%&#8221; global_colors_info=&#8221;{}&#8221;][et_pb_column type=&#8221;4_4&#8243; _builder_version=&#8221;4.16&#8243; custom_padding=&#8221;|||&#8221; global_colors_info=&#8221;{}&#8221; custom_padding__hover=&#8221;|||&#8221;][et_pb_wc_tabs _builder_version=&#8221;4.16&#8243; global_colors_info=&#8221;{}&#8221;]\t\t\t\t\t[\/et_pb_wc_tabs][et_pb_wc_upsells _builder_version=&#8221;4.16&#8243; global_colors_info=&#8221;{}&#8221;][\/et_pb_wc_upsells][et_pb_wc_related_products _builder_version=&#8221;4.16&#8243; global_colors_info=&#8221;{}&#8221;][\/et_pb_wc_related_products][\/et_pb_column][\/et_pb_row][\/et_pb_section]<\/p>\n<span class=\"et_bloom_bottom_trigger\"><\/span>","protected":false},"excerpt":{"rendered":"<p><strong>Type :<\/strong> Dry white wine<br \/><strong>Year :<\/strong> 2024<br \/><strong>Varietals :<\/strong> White Acadie \u2013 White Frontenac<br \/><strong>Vinification :<\/strong> Alcoholic fermentation in thermo-regulated stainless steel tanks <br \/><strong>Aging :<\/strong> A few months in stainless steel tanks <br \/><strong>Tasting :<\/strong> Pale yellow hue, aroma of citrus and exotic fruits, freshness<br \/><strong>Food and wine pairing : <\/strong>Sushis, tacos, fish and spicy dishes<br \/><strong>Alcohol content: <\/strong> 13.5%<br \/><strong>Residual sugar:<\/strong>\u00a0 &lt;1g\/L <br \/><strong>Bottle :<\/strong> 750 ml\u00a0<br \/><strong>Serving Temperature :<\/strong> 8-10\u02daC<\/p>\n<p><img loading=\"lazy\" decoding=\"async\" class=\"alignnone wp-image-2242\" src=\"https:\/\/saintpierrelevignoble.com\/wp-content\/uploads\/2020\/03\/igp-logo-400x400-1-150x150.png\" alt=\"\" width=\"99\" height=\"99\" srcset=\"https:\/\/saintpierrelevignoble.com\/wp-content\/uploads\/2020\/03\/igp-logo-400x400-1-150x150.png 150w, https:\/\/saintpierrelevignoble.com\/wp-content\/uploads\/2020\/03\/igp-logo-400x400-1-300x300.png 300w, https:\/\/saintpierrelevignoble.com\/wp-content\/uploads\/2020\/03\/igp-logo-400x400-1-100x100.png 100w, https:\/\/saintpierrelevignoble.com\/wp-content\/uploads\/2020\/03\/igp-logo-400x400-1.png 400w\" sizes=\"(max-width: 99px) 100vw, 99px\" \/><img loading=\"lazy\" decoding=\"async\" class=\"alignnone  wp-image-2280\" src=\"https:\/\/saintpierrelevignoble.com\/wp-content\/uploads\/2020\/03\/thumbnail_Or-300x300-1-150x150.jpg\" alt=\"\" width=\"98\" height=\"98\" srcset=\"https:\/\/saintpierrelevignoble.com\/wp-content\/uploads\/2020\/03\/thumbnail_Or-300x300-1-150x150.jpg 150w, https:\/\/saintpierrelevignoble.com\/wp-content\/uploads\/2020\/03\/thumbnail_Or-300x300-1.jpg 300w, https:\/\/saintpierrelevignoble.com\/wp-content\/uploads\/2020\/03\/thumbnail_Or-300x300-1-100x100.jpg 100w\" sizes=\"(max-width: 98px) 100vw, 98px\" \/>\u00a0<img loading=\"lazy\" decoding=\"async\" class=\"alignnone  wp-image-2282\" src=\"https:\/\/saintpierrelevignoble.com\/wp-content\/uploads\/2020\/03\/thumbnail_Or-300x3002019-1-150x150.jpg\" alt=\"\" width=\"97\" height=\"97\" srcset=\"https:\/\/saintpierrelevignoble.com\/wp-content\/uploads\/2020\/03\/thumbnail_Or-300x3002019-1-150x150.jpg 150w, https:\/\/saintpierrelevignoble.com\/wp-content\/uploads\/2020\/03\/thumbnail_Or-300x3002019-1.jpg 300w, https:\/\/saintpierrelevignoble.com\/wp-content\/uploads\/2020\/03\/thumbnail_Or-300x3002019-1-100x100.jpg 100w\" sizes=\"(max-width: 97px) 100vw, 97px\" \/>\u00a0<img loading=\"lazy\" decoding=\"async\" class=\"alignnone  wp-image-2284\" src=\"https:\/\/saintpierrelevignoble.com\/wp-content\/uploads\/2020\/03\/SMVC_WebImages420x420_Or-150x150.png\" alt=\"\" width=\"88\" height=\"88\" \/><br \/><em>-Les vins IGP sont un gage de qualit\u00e9 pour les consommateurs et assure la tra\u00e7abilit\u00e9 \u00e0 partir du champ jusque dans la bouteille.<\/em><\/p>\n","protected":false},"featured_media":2542,"template":"","meta":{"_et_pb_use_builder":"on","_et_pb_old_content":"<p>Hand-picked, this white Acadie and white Frontenac blend is fresh and releases aromas of citrus and exotic fruits. <em>\u00ab\u00a0Three things make a wise man: reading, conversation and daydreaming; one enriches the memory, the other polishes his mind and the last forms his judgment\u00bb\u00a0<\/em> --Chevalier de M\u00e9r\u00e9r<\/p>","_et_gb_content_width":"","spay_email":""},"yoast_head":"<!-- This site is optimized with the Yoast SEO Premium plugin v15.7 - https:\/\/yoast.com\/wordpress\/plugins\/seo\/ -->\n<title>R\u00eaverie - Saint Pierre Le Vignoble<\/title>\n<meta name=\"robots\" content=\"index, follow, max-snippet:-1, max-image-preview:large, max-video-preview:-1\" \/>\n<link rel=\"canonical\" href=\"https:\/\/saintpierrelevignoble.com\/en\/produit\/reverie-2019\/\" \/>\n<meta property=\"og:locale\" content=\"en_US\" \/>\n<meta property=\"og:type\" content=\"article\" \/>\n<meta property=\"og:title\" content=\"R\u00eaverie - Saint Pierre Le Vignoble\" \/>\n<meta property=\"og:description\" content=\"Type : Dry white wineYear : 2024Varietals : White Acadie \u2013 White FrontenacVinification : Alcoholic fermentation in thermo-regulated stainless steel tanks Aging : A few months in stainless steel tanks Tasting : Pale yellow hue, aroma of citrus and exotic fruits, freshnessFood and wine pairing : Sushis, tacos, fish and spicy dishesAlcohol content: 13.5%Residual sugar:\u00a0 &lt;1g\/L Bottle : 750 ml\u00a0Serving Temperature : 8-10\u02daC \u00a0\u00a0-Les vins IGP sont un gage de qualit\u00e9 pour les consommateurs et assure la tra\u00e7abilit\u00e9 \u00e0 partir du champ jusque dans la bouteille.\" \/>\n<meta property=\"og:url\" content=\"https:\/\/saintpierrelevignoble.com\/en\/produit\/reverie-2019\/\" \/>\n<meta property=\"og:site_name\" content=\"Saint Pierre Le Vignoble\" \/>\n<meta property=\"article:publisher\" content=\"https:\/\/www.facebook.com\/Saint.Pierre.Le.Vignoble\/\" \/>\n<meta property=\"article:modified_time\" content=\"2025-10-07T14:55:10+00:00\" \/>\n<meta property=\"og:image\" content=\"https:\/\/saintpierrelevignoble.com\/wp-content\/uploads\/2022\/04\/reverie_2022_1200x1200.jpg\" \/>\n\t<meta property=\"og:image:width\" content=\"1200\" \/>\n\t<meta property=\"og:image:height\" content=\"1200\" \/>\n<meta name=\"twitter:card\" content=\"summary_large_image\" \/>\n<meta name=\"twitter:label1\" content=\"Est. reading time\">\n\t<meta name=\"twitter:data1\" content=\"2 minutes\">\n<script type=\"application\/ld+json\" class=\"yoast-schema-graph\">{\"@context\":\"https:\/\/schema.org\",\"@graph\":[{\"@type\":\"Organization\",\"@id\":\"https:\/\/saintpierrelevignoble.com\/en\/#organization\",\"name\":\"Saint Pierre Le Vignoble\",\"url\":\"https:\/\/saintpierrelevignoble.com\/en\/\",\"sameAs\":[\"https:\/\/www.facebook.com\/Saint.Pierre.Le.Vignoble\/\"],\"logo\":{\"@type\":\"ImageObject\",\"@id\":\"https:\/\/saintpierrelevignoble.com\/en\/#logo\",\"inLanguage\":\"en-US\",\"url\":\"https:\/\/saintpierrelevignoble.com\/wp-content\/uploads\/2019\/04\/SPLV180x180.png\",\"width\":180,\"height\":180,\"caption\":\"Saint Pierre Le Vignoble\"},\"image\":{\"@id\":\"https:\/\/saintpierrelevignoble.com\/en\/#logo\"}},{\"@type\":\"WebSite\",\"@id\":\"https:\/\/saintpierrelevignoble.com\/en\/#website\",\"url\":\"https:\/\/saintpierrelevignoble.com\/en\/\",\"name\":\"Saint Pierre Le Vignoble\",\"description\":\"Visite &amp; D\\u00e9gustation\",\"publisher\":{\"@id\":\"https:\/\/saintpierrelevignoble.com\/en\/#organization\"},\"potentialAction\":[{\"@type\":\"SearchAction\",\"target\":\"https:\/\/saintpierrelevignoble.com\/en\/?s={search_term_string}\",\"query-input\":\"required name=search_term_string\"}],\"inLanguage\":\"en-US\"},{\"@type\":\"ImageObject\",\"@id\":\"https:\/\/saintpierrelevignoble.com\/en\/produit\/reverie-2019\/#primaryimage\",\"inLanguage\":\"en-US\",\"url\":\"https:\/\/saintpierrelevignoble.com\/wp-content\/uploads\/2022\/04\/reverie_2022_1200x1200.jpg\",\"width\":1200,\"height\":1200},{\"@type\":\"WebPage\",\"@id\":\"https:\/\/saintpierrelevignoble.com\/en\/produit\/reverie-2019\/#webpage\",\"url\":\"https:\/\/saintpierrelevignoble.com\/en\/produit\/reverie-2019\/\",\"name\":\"R\\u00eaverie - Saint Pierre Le Vignoble\",\"isPartOf\":{\"@id\":\"https:\/\/saintpierrelevignoble.com\/en\/#website\"},\"primaryImageOfPage\":{\"@id\":\"https:\/\/saintpierrelevignoble.com\/en\/produit\/reverie-2019\/#primaryimage\"},\"datePublished\":\"2020-03-31T17:52:33+00:00\",\"dateModified\":\"2025-10-07T14:55:10+00:00\",\"inLanguage\":\"en-US\",\"potentialAction\":[{\"@type\":\"ReadAction\",\"target\":[\"https:\/\/saintpierrelevignoble.com\/en\/produit\/reverie-2019\/\"]}]}]}<\/script>\n<!-- \/ Yoast SEO Premium plugin. -->","_links":{"self":[{"href":"https:\/\/saintpierrelevignoble.com\/en\/wp-json\/wp\/v2\/product\/1766"}],"collection":[{"href":"https:\/\/saintpierrelevignoble.com\/en\/wp-json\/wp\/v2\/product"}],"about":[{"href":"https:\/\/saintpierrelevignoble.com\/en\/wp-json\/wp\/v2\/types\/product"}],"wp:featuredmedia":[{"embeddable":true,"href":"https:\/\/saintpierrelevignoble.com\/en\/wp-json\/wp\/v2\/media\/2542"}],"wp:attachment":[{"href":"https:\/\/saintpierrelevignoble.com\/en\/wp-json\/wp\/v2\/media?parent=1766"}],"curies":[{"name":"wp","href":"https:\/\/api.w.org\/{rel}","templated":true}]}}